{"id":727,"date":"2021-02-24T18:26:14","date_gmt":"2021-02-24T23:26:14","guid":{"rendered":"https:\/\/seagardenbythesea.com\/a-propos-de-nous\/"},"modified":"2025-09-25T12:01:23","modified_gmt":"2025-09-25T16:01:23","slug":"a-propos-de-nous","status":"publish","type":"page","link":"https:\/\/seagardenbythesea.com\/fr\/a-propos-de-nous\/","title":{"rendered":"\u00c0 propos de nous"},"content":{"rendered":"<div class=\"wpb-content-wrapper\"><p>[vc_row][vc_column css=\u00a0\u00bb.vc_custom_1614263701986{margin-top: -70px !important;margin-bottom: 50px !important;}\u00a0\u00bb]\n\t\t\t<!-- START About us FR REVOLUTION SLIDER 6.7.38 --><p class=\"rs-p-wp-fix\"><\/p>\n\t\t\t<rs-module-wrap id=\"rev_slider_5_1_wrapper\" data-source=\"gallery\" style=\"visibility:hidden;background:#c3d100;padding:0;margin:0px auto;margin-top:0;margin-bottom:0;\">\n\t\t\t\t<rs-module id=\"rev_slider_5_1\" style=\"\" data-version=\"6.7.38\">\n\t\t\t\t\t<rs-slides style=\"overflow: hidden; position: absolute;\">\n\t\t\t\t\t\t<rs-slide style=\"position: absolute;\" data-key=\"rs-5\" data-title=\"Slide\" data-anim=\"ms:1000;r:0;\" data-in=\"o:0;\" data-out=\"a:false;\">\n\t\t\t\t\t\t\t<img decoding=\"async\" src=\"\/\/seagardenbythesea.com\/wp-content\/plugins\/revslider\/sr6\/assets\/assets\/dummy.png\" alt=\"Slide\" title=\"\u00c0 propos de nous\" class=\"rev-slidebg tp-rs-img rs-lazyload\" data-lazyload=\"\/\/seagardenbythesea.com\/wp-content\/plugins\/revslider\/sr6\/assets\/assets\/transparent.png\" data-no-retina>\n<!--\n\t\t\t\t\t\t\t--><rs-layer\n\t\t\t\t\t\t\t\tid=\"slider-5-slide-5-layer-0\" \n\t\t\t\t\t\t\t\tdata-type=\"image\"\n\t\t\t\t\t\t\t\tdata-rsp_ch=\"on\"\n\t\t\t\t\t\t\t\tdata-xy=\"x:c;xo:0,0,0,118px;yo:0,0,0,-2px;\"\n\t\t\t\t\t\t\t\tdata-text=\"w:normal;s:20,20,9,5;l:0,0,12,7;\"\n\t\t\t\t\t\t\t\tdata-dim=\"w:1500px,1500px,1735px,1660px;h:300px,300px,347px,332px;\"\n\t\t\t\t\t\t\t\tdata-frame_999=\"o:0;st:w;\"\n\t\t\t\t\t\t\t\tstyle=\"z-index:8;\"\n\t\t\t\t\t\t\t><img decoding=\"async\" src=\"\/\/seagardenbythesea.com\/wp-content\/plugins\/revslider\/sr6\/assets\/assets\/dummy.png\" alt=\"Sea Garden by the Sea\" class=\"tp-rs-img rs-lazyload\" width=\"1500\" height=\"300\" data-lazyload=\"\/\/seagardenbythesea.com\/wp-content\/uploads\/2017\/06\/sea-garden-by-the-sea-tropical-about.jpg\" data-no-retina> \n\t\t\t\t\t\t\t<\/rs-layer><!--\n\n\t\t\t\t\t\t\t--><rs-layer\n\t\t\t\t\t\t\t\tid=\"slider-5-slide-5-layer-1\" \n\t\t\t\t\t\t\t\tdata-type=\"text\"\n\t\t\t\t\t\t\t\tdata-tsh=\"c:rgba(0,0,0,0.61);h:1px,1px,2px,2px;v:1px,1px,2px,2px;b:3px;\"\n\t\t\t\t\t\t\t\tdata-rsp_ch=\"on\"\n\t\t\t\t\t\t\t\tdata-xy=\"x:c;yo:167px,167px,185px,168px;\"\n\t\t\t\t\t\t\t\tdata-text=\"w:normal;s:30,30,30,18;l:25,25,12,7;fw:700;a:center;\"\n\t\t\t\t\t\t\t\tdata-frame_999=\"o:0;st:w;\"\n\t\t\t\t\t\t\t\tstyle=\"z-index:10;font-family:'Montserrat';\"\n\t\t\t\t\t\t\t>Un paradis qui n'attend que vous \n\t\t\t\t\t\t\t<\/rs-layer><!--\n\n\t\t\t\t\t\t\t--><rs-layer\n\t\t\t\t\t\t\t\tid=\"slider-5-slide-5-layer-2\" \n\t\t\t\t\t\t\t\tdata-type=\"text\"\n\t\t\t\t\t\t\t\tdata-tsh=\"c:rgba(0,0,0,0.61);h:1px,1px,2px,2px;v:1px,1px,2px,2px;b:3px;\"\n\t\t\t\t\t\t\t\tdata-rsp_ch=\"on\"\n\t\t\t\t\t\t\t\tdata-xy=\"x:c;yo:119px,119px,144px,73px;\"\n\t\t\t\t\t\t\t\tdata-text=\"w:normal;s:40,40,45,40;l:25,25,12,40;fw:700;a:center;\"\n\t\t\t\t\t\t\t\tdata-dim=\"w:auto,auto,658px,292px;\"\n\t\t\t\t\t\t\t\tdata-frame_999=\"o:0;st:w;\"\n\t\t\t\t\t\t\t\tstyle=\"z-index:9;font-family:'Montserrat';\"\n\t\t\t\t\t\t\t>SEA GARDEN BY THE SEA \n\t\t\t\t\t\t\t<\/rs-layer><!--\n-->\t\t\t\t\t<\/rs-slide>\n\t\t\t\t\t<\/rs-slides>\n\t\t\t\t<\/rs-module>\n\t\t\t\t<script>\n\t\t\t\t\tsetREVStartSize({c: 'rev_slider_5_1',rl:[1240,1240,778,480],el:[300,300,346,330],gw:[1500,1500,778,480],gh:[300,300,346,330],type:'standard',justify:'',layout:'fullwidth',mh:\"0\"});if (window.RS_MODULES!==undefined && window.RS_MODULES.modules!==undefined && window.RS_MODULES.modules[\"revslider51\"]!==undefined) {window.RS_MODULES.modules[\"revslider51\"].once = false;window.revapi5 = undefined;if (window.RS_MODULES.checkMinimal!==undefined) window.RS_MODULES.checkMinimal()}\n\t\t\t\t<\/script>\n\t\t\t<\/rs-module-wrap>\n\t\t\t<!-- END REVOLUTION SLIDER -->\n[\/vc_column][\/vc_row][vc_row][vc_column width=\u00a0\u00bb1\/6&Prime;][\/vc_column][vc_column width=\u00a0\u00bb2\/3&Prime;][vc_column_text]<img loading=\"lazy\" decoding=\"async\" class=\"aligncenter size-full wp-image-87\" src=\"https:\/\/seagardenbythesea.com\/wp-content\/uploads\/2017\/06\/a-sea-garden-resort-152x152.png\" alt=\"Un centre de vill\u00e9giature Sea Garden\" width=\"152\" height=\"152\" srcset=\"https:\/\/seagardenbythesea.com\/wp-content\/uploads\/2017\/06\/a-sea-garden-resort-152x152.png 152w, https:\/\/seagardenbythesea.com\/wp-content\/uploads\/2017\/06\/a-sea-garden-resort-152x152-150x150.png 150w\" sizes=\"auto, (max-width: 152px) 100vw, 152px\" \/>[\/vc_column_text][vc_column_text]<\/p>\n<div style=\"font-size: 16px;\" align=\"center\">Sous une nouvelle direction, le centre de vill\u00e9giature Sea Garden by the Sea offre \u00e0 ses clients la m\u00eame exp\u00e9rience hors pair que ses s\u0153urs Castle by the Sea et Blue Strawberry by the Sea. Notre mission est d\u2019offrir un s\u00e9jour enchanteur \u00e0 nos clients en anticipant et en d\u00e9passant leurs attentes. Notre \u00e9quipe bien form\u00e9e et enthousiaste ne m\u00e9nage aucun effort pour vous assurer un service et une hospitalit\u00e9 exceptionnels et m\u00e9morables.<\/div>\n<p>[\/vc_column_text][\/vc_column][vc_column width=\u00a0\u00bb1\/6&Prime;][\/vc_column][\/vc_row][vc_row css=\u00a0\u00bb.vc_custom_1497635620484{padding-top: 50px !important;padding-bottom: 50px !important;}\u00a0\u00bb][vc_column width=\u00a0\u00bb1\/6&Prime;]<div class=\"aio-icon-component    style_1\"><div id=\"Info-box-wrap-9458\" class=\"aio-icon-box top-icon\" style=\"\"  ><div class=\"aio-icon-top\"><div class=\"ult-just-icon-wrapper  \"><div class=\"align-icon\" style=\"text-align:center;\">\n<div class=\"aio-icon none \"  style=\"color:#cecece;font-size:48px;display:inline-block;\">\n\t<i class=\"Defaults-fire\"><\/i>\n<\/div><\/div><\/div><\/div><div class=\"aio-icon-header\" ><h3 class=\"aio-icon-title ult-responsive\"  data-ultimate-target='#Info-box-wrap-9458 .aio-icon-title'  data-responsive-json-new='{\"font-size\":\"\",\"line-height\":\"\"}'  style=\"\">BBQ pour clients<\/h3><\/div> <!-- header --><\/div> <!-- aio-icon-box --><\/div> <!-- aio-icon-component -->[\/vc_column][vc_column width=\u00a0\u00bb1\/6&Prime;]<div class=\"aio-icon-component    style_1\"><div id=\"Info-box-wrap-8572\" class=\"aio-icon-box top-icon\" style=\"\"  ><div class=\"aio-icon-top\"><div class=\"ult-just-icon-wrapper  \"><div class=\"align-icon\" style=\"text-align:center;\">\n<div class=\"aio-icon none \"  style=\"color:#cecece;font-size:48px;display:inline-block;\">\n\t<i class=\"Defaults-wifi\"><\/i>\n<\/div><\/div><\/div><\/div><div class=\"aio-icon-header\" ><h3 class=\"aio-icon-title ult-responsive\"  data-ultimate-target='#Info-box-wrap-8572 .aio-icon-title'  data-responsive-json-new='{\"font-size\":\"\",\"line-height\":\"\"}'  style=\"\">Internet gratuit<\/h3><\/div> <!-- header --><\/div> <!-- aio-icon-box --><\/div> <!-- aio-icon-component -->[\/vc_column][vc_column width=\u00a0\u00bb1\/6&Prime;]<div class=\"aio-icon-component    style_1\"><div id=\"Info-box-wrap-6972\" class=\"aio-icon-box top-icon\" style=\"\"  ><div class=\"aio-icon-top\"><div class=\"ult-just-icon-wrapper  \"><div class=\"align-icon\" style=\"text-align:center;\">\n<div class=\"aio-icon none \"  style=\"color:#cecece;font-size:48px;display:inline-block;\">\n\t<i class=\"Defaults-automobile car\"><\/i>\n<\/div><\/div><\/div><\/div><div class=\"aio-icon-header\" ><h3 class=\"aio-icon-title ult-responsive\"  data-ultimate-target='#Info-box-wrap-6972 .aio-icon-title'  data-responsive-json-new='{\"font-size\":\"\",\"line-height\":\"\"}'  style=\"\">Stationnement priv\u00e9 gratuit<\/h3><\/div> <!-- header --><\/div> <!-- aio-icon-box --><\/div> <!-- aio-icon-component -->[\/vc_column][vc_column width=\u00a0\u00bb1\/6&Prime;]<div class=\"aio-icon-component    style_1\"><div id=\"Info-box-wrap-1400\" class=\"aio-icon-box top-icon\" style=\"\"  ><div class=\"aio-icon-top\"><div class=\"ult-just-icon-wrapper  \"><div class=\"align-icon\" style=\"text-align:center;\">\n<div class=\"aio-icon none \"  style=\"color:#cecece;font-size:48px;display:inline-block;\">\n\t<i class=\"Defaults-life-bouy life-buoy life-ring life-saver support\"><\/i>\n<\/div><\/div><\/div><\/div><div class=\"aio-icon-header\" ><h3 class=\"aio-icon-title ult-responsive\"  data-ultimate-target='#Info-box-wrap-1400 .aio-icon-title'  data-responsive-json-new='{\"font-size\":\"\",\"line-height\":\"\"}'  style=\"\">Piscine chauff\u00e9e<\/h3><\/div> <!-- header --><\/div> <!-- aio-icon-box --><\/div> <!-- aio-icon-component -->[\/vc_column][vc_column width=\u00a0\u00bb1\/6&Prime;]<div class=\"aio-icon-component    style_1\"><div id=\"Info-box-wrap-1874\" class=\"aio-icon-box top-icon\" style=\"\"  ><div class=\"aio-icon-top\"><div class=\"ult-just-icon-wrapper  \"><div class=\"align-icon\" style=\"text-align:center;\">\n<div class=\"aio-icon none \"  style=\"color:#cecece;font-size:48px;display:inline-block;\">\n\t<i class=\"Defaults-tint\"><\/i>\n<\/div><\/div><\/div><\/div><div class=\"aio-icon-header\" ><h3 class=\"aio-icon-title ult-responsive\"  data-ultimate-target='#Info-box-wrap-1874 .aio-icon-title'  data-responsive-json-new='{\"font-size\":\"\",\"line-height\":\"\"}'  style=\"\">Buanderie<\/h3><\/div> <!-- header --><\/div> <!-- aio-icon-box --><\/div> <!-- aio-icon-component -->[\/vc_column][vc_column width=\u00a0\u00bb1\/6&Prime;]<div class=\"aio-icon-component    style_1\"><div id=\"Info-box-wrap-2140\" class=\"aio-icon-box top-icon\" style=\"\"  ><div class=\"aio-icon-top\"><div class=\"ult-just-icon-wrapper  \"><div class=\"align-icon\" style=\"text-align:center;\">\n<div class=\"aio-icon none \"  style=\"color:#cecece;font-size:48px;display:inline-block;\">\n\t<i class=\"Defaults-cutlery\"><\/i>\n<\/div><\/div><\/div><\/div><div class=\"aio-icon-header\" ><h3 class=\"aio-icon-title ult-responsive\"  data-ultimate-target='#Info-box-wrap-2140 .aio-icon-title'  data-responsive-json-new='{\"font-size\":\"\",\"line-height\":\"\"}'  style=\"\">Restaurants \u00e0 proximit\u00e9<\/h3><\/div> <!-- header --><\/div> <!-- aio-icon-box --><\/div> <!-- aio-icon-component -->[\/vc_column][\/vc_row][vc_row bg_type=\u00a0\u00bbbg_color\u00a0\u00bb bg_override=\u00a0\u00bbfull\u00a0\u00bb bg_color_value=\u00a0\u00bb#0e83dd\u00a0\u00bb css=\u00a0\u00bb.vc_custom_1614349166841{padding-top: 50px !important;padding-bottom: 50px !important;}\u00a0\u00bb][vc_column][vc_column_text]<\/p>\n<div align=\"center\"><img loading=\"lazy\" decoding=\"async\" class=\"alignnone size-full wp-image-21\" src=\"https:\/\/seagardenbythesea.com\/wp-content\/uploads\/2017\/06\/white-coral.png\" alt=\"\" width=\"83\" height=\"67\" \/><\/div>\n<p>[\/vc_column_text][vc_column_text]<\/p>\n<div align=\"center\">\n<h2 style=\"color: #ffffff; text-shadow: 1px 1px black;\">V\u00e9rifiez nos disponibilit\u00e9s et r\u00e9servez vos vacances aujourd\u2019hui!<\/h2>\n<\/div>\n<p>[\/vc_column_text][vc_btn title=\u00a0\u00bbR\u00c9SERVEZ MAINTENANT\u00a0\u00bb style=\u00a0\u00bboutline\u00a0\u00bb color=\u00a0\u00bbwhite\u00a0\u00bb size=\u00a0\u00bblg\u00a0\u00bb align=\u00a0\u00bbcenter\u00a0\u00bb i_icon_fontawesome=\u00a0\u00bbfa fa-solid fa-calendar-days\u00a0\u00bb css=\u00a0\u00bb\u00a0\u00bb add_icon=\u00a0\u00bbtrue\u00a0\u00bb link=\u00a0\u00bburl:https%3A%2F%2Fs005945.officialbookings.com%2F|target:_blank\u00a0\u00bb][\/vc_column][\/vc_row]<\/p>\n<\/div>","protected":false},"excerpt":{"rendered":"<p>[vc_row][vc_column css=\u00a0\u00bb.vc_custom_1614263701986{margin-top: -70px !important;margin-bottom: 50px !important;}\u00a0\u00bb][\/vc_column][\/vc_row][vc_row][vc_column width=\u00a0\u00bb1\/6&Prime;][\/vc_column][vc_column width=\u00a0\u00bb2\/3&Prime;][vc_column_text][\/vc_column_text][vc_column_text] Sous une nouvelle direction, le centre de vill\u00e9giature Sea Garden by the Sea offre \u00e0 ses clients la m\u00eame exp\u00e9rience hors pair que ses s\u0153urs Castle by the Sea et Blue Strawberry by the Sea. Notre mission est d\u2019offrir un s\u00e9jour enchanteur \u00e0 nos clients en anticipant&hellip;<\/p>\n","protected":false},"author":4,"featured_media":569,"parent":0,"menu_order":0,"comment_status":"closed","ping_status":"closed","template":"","meta":{"footnotes":""},"class_list":["post-727","page","type-page","status-publish","has-post-thumbnail","hentry","description-off"],"yoast_head":"<!-- This site is optimized with the Yoast SEO plugin v27.4 - https:\/\/yoast.com\/product\/yoast-seo-wordpress\/ -->\n<title>\u00c0 propos de nous - Sea Garden by the Sea - Lauderdale By The Sea<\/title>\n<meta name=\"description\" content=\"Notre mission est d\u2019offrir un s\u00e9jour enchanteur \u00e0 nos clients en anticipant et en d\u00e9passant leurs attentes. Notre \u00e9quipe enthousiaste est d\u00e9vou\u00e9e \u00e0 offrir un service exceptionnel.\" \/>\n<meta name=\"robots\" content=\"index, follow, max-snippet:-1, max-image-preview:large, max-video-preview:-1\" \/>\n<link rel=\"canonical\" href=\"https:\/\/seagardenbythesea.com\/fr\/a-propos-de-nous\/\" \/>\n<meta property=\"og:locale\" content=\"fr_FR\" \/>\n<meta property=\"og:type\" content=\"article\" \/>\n<meta property=\"og:title\" content=\"\u00c0 propos de nous - Sea Garden by the Sea - Lauderdale By The Sea\" \/>\n<meta property=\"og:description\" content=\"Notre mission est d\u2019offrir un s\u00e9jour enchanteur \u00e0 nos clients en anticipant et en d\u00e9passant leurs attentes. Notre \u00e9quipe enthousiaste est d\u00e9vou\u00e9e \u00e0 offrir un service exceptionnel.\" \/>\n<meta property=\"og:url\" content=\"https:\/\/seagardenbythesea.com\/fr\/a-propos-de-nous\/\" \/>\n<meta property=\"og:site_name\" content=\"Sea Garden by the Sea - Lauderdale By The Sea\" \/>\n<meta property=\"article:modified_time\" content=\"2025-09-25T16:01:23+00:00\" \/>\n<meta property=\"og:image\" content=\"https:\/\/seagardenbythesea.com\/wp-content\/uploads\/2017\/06\/sea-garden-by-the-sea-ft-lauderdale-1.jpg\" \/>\n\t<meta property=\"og:image:width\" content=\"1200\" \/>\n\t<meta property=\"og:image:height\" content=\"627\" \/>\n\t<meta property=\"og:image:type\" content=\"image\/jpeg\" \/>\n<meta name=\"twitter:card\" content=\"summary_large_image\" \/>\n<meta name=\"twitter:label1\" content=\"Dur\u00e9e de lecture estim\u00e9e\" \/>\n\t<meta name=\"twitter:data1\" content=\"2 minutes\" \/>\n<script type=\"application\/ld+json\" class=\"yoast-schema-graph\">{\"@context\":\"https:\\\/\\\/schema.org\",\"@graph\":[{\"@type\":\"WebPage\",\"@id\":\"https:\\\/\\\/seagardenbythesea.com\\\/fr\\\/a-propos-de-nous\\\/\",\"url\":\"https:\\\/\\\/seagardenbythesea.com\\\/fr\\\/a-propos-de-nous\\\/\",\"name\":\"\u00c0 propos de nous - Sea Garden by the Sea - Lauderdale By The Sea\",\"isPartOf\":{\"@id\":\"https:\\\/\\\/seagardenbythesea.com\\\/fr\\\/#website\"},\"primaryImageOfPage\":{\"@id\":\"https:\\\/\\\/seagardenbythesea.com\\\/fr\\\/a-propos-de-nous\\\/#primaryimage\"},\"image\":{\"@id\":\"https:\\\/\\\/seagardenbythesea.com\\\/fr\\\/a-propos-de-nous\\\/#primaryimage\"},\"thumbnailUrl\":\"https:\\\/\\\/seagardenbythesea.com\\\/wp-content\\\/uploads\\\/2017\\\/06\\\/sea-garden-by-the-sea-ft-lauderdale-1.jpg\",\"datePublished\":\"2021-02-24T23:26:14+00:00\",\"dateModified\":\"2025-09-25T16:01:23+00:00\",\"description\":\"Notre mission est d\u2019offrir un s\u00e9jour enchanteur \u00e0 nos clients en anticipant et en d\u00e9passant leurs attentes. Notre \u00e9quipe enthousiaste est d\u00e9vou\u00e9e \u00e0 offrir un service exceptionnel.\",\"breadcrumb\":{\"@id\":\"https:\\\/\\\/seagardenbythesea.com\\\/fr\\\/a-propos-de-nous\\\/#breadcrumb\"},\"inLanguage\":\"fr-FR\",\"potentialAction\":[{\"@type\":\"ReadAction\",\"target\":[\"https:\\\/\\\/seagardenbythesea.com\\\/fr\\\/a-propos-de-nous\\\/\"]}]},{\"@type\":\"ImageObject\",\"inLanguage\":\"fr-FR\",\"@id\":\"https:\\\/\\\/seagardenbythesea.com\\\/fr\\\/a-propos-de-nous\\\/#primaryimage\",\"url\":\"https:\\\/\\\/seagardenbythesea.com\\\/wp-content\\\/uploads\\\/2017\\\/06\\\/sea-garden-by-the-sea-ft-lauderdale-1.jpg\",\"contentUrl\":\"https:\\\/\\\/seagardenbythesea.com\\\/wp-content\\\/uploads\\\/2017\\\/06\\\/sea-garden-by-the-sea-ft-lauderdale-1.jpg\",\"width\":1200,\"height\":627,\"caption\":\"Sea Garden by the Sea\"},{\"@type\":\"BreadcrumbList\",\"@id\":\"https:\\\/\\\/seagardenbythesea.com\\\/fr\\\/a-propos-de-nous\\\/#breadcrumb\",\"itemListElement\":[{\"@type\":\"ListItem\",\"position\":1,\"name\":\"Home\",\"item\":\"https:\\\/\\\/seagardenbythesea.com\\\/fr\\\/\"},{\"@type\":\"ListItem\",\"position\":2,\"name\":\"\u00c0 propos de nous\"}]},{\"@type\":\"WebSite\",\"@id\":\"https:\\\/\\\/seagardenbythesea.com\\\/fr\\\/#website\",\"url\":\"https:\\\/\\\/seagardenbythesea.com\\\/fr\\\/\",\"name\":\"Sea Garden by the Sea - Lauderdale By The Sea\",\"description\":\"\",\"publisher\":{\"@id\":\"https:\\\/\\\/seagardenbythesea.com\\\/fr\\\/#organization\"},\"potentialAction\":[{\"@type\":\"SearchAction\",\"target\":{\"@type\":\"EntryPoint\",\"urlTemplate\":\"https:\\\/\\\/seagardenbythesea.com\\\/fr\\\/?s={search_term_string}\"},\"query-input\":{\"@type\":\"PropertyValueSpecification\",\"valueRequired\":true,\"valueName\":\"search_term_string\"}}],\"inLanguage\":\"fr-FR\"},{\"@type\":\"Organization\",\"@id\":\"https:\\\/\\\/seagardenbythesea.com\\\/fr\\\/#organization\",\"name\":\"Sea Garden by the Sea\",\"url\":\"https:\\\/\\\/seagardenbythesea.com\\\/fr\\\/\",\"logo\":{\"@type\":\"ImageObject\",\"inLanguage\":\"fr-FR\",\"@id\":\"https:\\\/\\\/seagardenbythesea.com\\\/fr\\\/#\\\/schema\\\/logo\\\/image\\\/\",\"url\":\"https:\\\/\\\/seagardenbythesea.com\\\/wp-content\\\/uploads\\\/2017\\\/07\\\/sea-garden-by-the-sea-logo.jpg\",\"contentUrl\":\"https:\\\/\\\/seagardenbythesea.com\\\/wp-content\\\/uploads\\\/2017\\\/07\\\/sea-garden-by-the-sea-logo.jpg\",\"width\":417,\"height\":67,\"caption\":\"Sea Garden by the Sea\"},\"image\":{\"@id\":\"https:\\\/\\\/seagardenbythesea.com\\\/fr\\\/#\\\/schema\\\/logo\\\/image\\\/\"}}]}<\/script>\n<!-- \/ Yoast SEO plugin. -->","yoast_head_json":{"title":"\u00c0 propos de nous - Sea Garden by the Sea - Lauderdale By The Sea","description":"Notre mission est d\u2019offrir un s\u00e9jour enchanteur \u00e0 nos clients en anticipant et en d\u00e9passant leurs attentes. Notre \u00e9quipe enthousiaste est d\u00e9vou\u00e9e \u00e0 offrir un service exceptionnel.","robots":{"index":"index","follow":"follow","max-snippet":"max-snippet:-1","max-image-preview":"max-image-preview:large","max-video-preview":"max-video-preview:-1"},"canonical":"https:\/\/seagardenbythesea.com\/fr\/a-propos-de-nous\/","og_locale":"fr_FR","og_type":"article","og_title":"\u00c0 propos de nous - Sea Garden by the Sea - Lauderdale By The Sea","og_description":"Notre mission est d\u2019offrir un s\u00e9jour enchanteur \u00e0 nos clients en anticipant et en d\u00e9passant leurs attentes. Notre \u00e9quipe enthousiaste est d\u00e9vou\u00e9e \u00e0 offrir un service exceptionnel.","og_url":"https:\/\/seagardenbythesea.com\/fr\/a-propos-de-nous\/","og_site_name":"Sea Garden by the Sea - Lauderdale By The Sea","article_modified_time":"2025-09-25T16:01:23+00:00","og_image":[{"width":1200,"height":627,"url":"https:\/\/seagardenbythesea.com\/wp-content\/uploads\/2017\/06\/sea-garden-by-the-sea-ft-lauderdale-1.jpg","type":"image\/jpeg"}],"twitter_card":"summary_large_image","twitter_misc":{"Dur\u00e9e de lecture estim\u00e9e":"2 minutes"},"schema":{"@context":"https:\/\/schema.org","@graph":[{"@type":"WebPage","@id":"https:\/\/seagardenbythesea.com\/fr\/a-propos-de-nous\/","url":"https:\/\/seagardenbythesea.com\/fr\/a-propos-de-nous\/","name":"\u00c0 propos de nous - Sea Garden by the Sea - Lauderdale By The Sea","isPartOf":{"@id":"https:\/\/seagardenbythesea.com\/fr\/#website"},"primaryImageOfPage":{"@id":"https:\/\/seagardenbythesea.com\/fr\/a-propos-de-nous\/#primaryimage"},"image":{"@id":"https:\/\/seagardenbythesea.com\/fr\/a-propos-de-nous\/#primaryimage"},"thumbnailUrl":"https:\/\/seagardenbythesea.com\/wp-content\/uploads\/2017\/06\/sea-garden-by-the-sea-ft-lauderdale-1.jpg","datePublished":"2021-02-24T23:26:14+00:00","dateModified":"2025-09-25T16:01:23+00:00","description":"Notre mission est d\u2019offrir un s\u00e9jour enchanteur \u00e0 nos clients en anticipant et en d\u00e9passant leurs attentes. Notre \u00e9quipe enthousiaste est d\u00e9vou\u00e9e \u00e0 offrir un service exceptionnel.","breadcrumb":{"@id":"https:\/\/seagardenbythesea.com\/fr\/a-propos-de-nous\/#breadcrumb"},"inLanguage":"fr-FR","potentialAction":[{"@type":"ReadAction","target":["https:\/\/seagardenbythesea.com\/fr\/a-propos-de-nous\/"]}]},{"@type":"ImageObject","inLanguage":"fr-FR","@id":"https:\/\/seagardenbythesea.com\/fr\/a-propos-de-nous\/#primaryimage","url":"https:\/\/seagardenbythesea.com\/wp-content\/uploads\/2017\/06\/sea-garden-by-the-sea-ft-lauderdale-1.jpg","contentUrl":"https:\/\/seagardenbythesea.com\/wp-content\/uploads\/2017\/06\/sea-garden-by-the-sea-ft-lauderdale-1.jpg","width":1200,"height":627,"caption":"Sea Garden by the Sea"},{"@type":"BreadcrumbList","@id":"https:\/\/seagardenbythesea.com\/fr\/a-propos-de-nous\/#breadcrumb","itemListElement":[{"@type":"ListItem","position":1,"name":"Home","item":"https:\/\/seagardenbythesea.com\/fr\/"},{"@type":"ListItem","position":2,"name":"\u00c0 propos de nous"}]},{"@type":"WebSite","@id":"https:\/\/seagardenbythesea.com\/fr\/#website","url":"https:\/\/seagardenbythesea.com\/fr\/","name":"Sea Garden by the Sea - Lauderdale By The Sea","description":"","publisher":{"@id":"https:\/\/seagardenbythesea.com\/fr\/#organization"},"potentialAction":[{"@type":"SearchAction","target":{"@type":"EntryPoint","urlTemplate":"https:\/\/seagardenbythesea.com\/fr\/?s={search_term_string}"},"query-input":{"@type":"PropertyValueSpecification","valueRequired":true,"valueName":"search_term_string"}}],"inLanguage":"fr-FR"},{"@type":"Organization","@id":"https:\/\/seagardenbythesea.com\/fr\/#organization","name":"Sea Garden by the Sea","url":"https:\/\/seagardenbythesea.com\/fr\/","logo":{"@type":"ImageObject","inLanguage":"fr-FR","@id":"https:\/\/seagardenbythesea.com\/fr\/#\/schema\/logo\/image\/","url":"https:\/\/seagardenbythesea.com\/wp-content\/uploads\/2017\/07\/sea-garden-by-the-sea-logo.jpg","contentUrl":"https:\/\/seagardenbythesea.com\/wp-content\/uploads\/2017\/07\/sea-garden-by-the-sea-logo.jpg","width":417,"height":67,"caption":"Sea Garden by the Sea"},"image":{"@id":"https:\/\/seagardenbythesea.com\/fr\/#\/schema\/logo\/image\/"}}]}},"_links":{"self":[{"href":"https:\/\/seagardenbythesea.com\/fr\/wp-json\/wp\/v2\/pages\/727","targetHints":{"allow":["GET"]}}],"collection":[{"href":"https:\/\/seagardenbythesea.com\/fr\/wp-json\/wp\/v2\/pages"}],"about":[{"href":"https:\/\/seagardenbythesea.com\/fr\/wp-json\/wp\/v2\/types\/page"}],"author":[{"embeddable":true,"href":"https:\/\/seagardenbythesea.com\/fr\/wp-json\/wp\/v2\/users\/4"}],"replies":[{"embeddable":true,"href":"https:\/\/seagardenbythesea.com\/fr\/wp-json\/wp\/v2\/comments?post=727"}],"version-history":[{"count":7,"href":"https:\/\/seagardenbythesea.com\/fr\/wp-json\/wp\/v2\/pages\/727\/revisions"}],"predecessor-version":[{"id":1227,"href":"https:\/\/seagardenbythesea.com\/fr\/wp-json\/wp\/v2\/pages\/727\/revisions\/1227"}],"wp:featuredmedia":[{"embeddable":true,"href":"https:\/\/seagardenbythesea.com\/fr\/wp-json\/wp\/v2\/media\/569"}],"wp:attachment":[{"href":"https:\/\/seagardenbythesea.com\/fr\/wp-json\/wp\/v2\/media?parent=727"}],"curies":[{"name":"wp","href":"https:\/\/api.w.org\/{rel}","templated":true}]}}