{"id":702,"date":"2021-02-24T18:24:10","date_gmt":"2021-02-24T23:24:10","guid":{"rendered":"https:\/\/seagardenbythesea.com\/communiquez-avec-nous\/"},"modified":"2025-09-25T12:01:51","modified_gmt":"2025-09-25T16:01:51","slug":"communiquez-avec-nous","status":"publish","type":"page","link":"https:\/\/seagardenbythesea.com\/fr\/communiquez-avec-nous\/","title":{"rendered":"Communiquez avec nous"},"content":{"rendered":"<div class=\"wpb-content-wrapper\"><p>[vc_row css=\u00a0\u00bb.vc_custom_1497649761235{margin-bottom: 50px !important;}\u00a0\u00bb][vc_column width=\u00a0\u00bb1\/2&Prime;][vc_column_text]<\/p>\n<h5>Envoyez-nous vos questions et nous vous r\u00e9pondrons rapidement<\/h5>\n<p>[\/vc_column_text]\n<div class=\"wpcf7 no-js\" id=\"wpcf7-f870-o1\" lang=\"fr-FR\" dir=\"ltr\" data-wpcf7-id=\"870\">\n<div class=\"screen-reader-response\"><p role=\"status\" aria-live=\"polite\" aria-atomic=\"true\"><\/p> <ul><\/ul><\/div>\n<form action=\"\/fr\/wp-json\/wp\/v2\/pages\/702#wpcf7-f870-o1\" method=\"post\" class=\"wpcf7-form init\" aria-label=\"Formulaire de contact\" novalidate=\"novalidate\" data-status=\"init\">\n<fieldset class=\"hidden-fields-container\"><input type=\"hidden\" name=\"_wpcf7\" value=\"870\" \/><input type=\"hidden\" name=\"_wpcf7_version\" value=\"6.1.5\" \/><input type=\"hidden\" name=\"_wpcf7_locale\" value=\"fr_FR\" \/><input type=\"hidden\" name=\"_wpcf7_unit_tag\" value=\"wpcf7-f870-o1\" \/><input type=\"hidden\" name=\"_wpcf7_container_post\" value=\"0\" \/><input type=\"hidden\" name=\"_wpcf7_posted_data_hash\" value=\"\" \/>\n<\/fieldset>\n<p><span class=\"wpcf7-form-control-wrap\" data-name=\"your-name\"><input size=\"40\" maxlength=\"400\" class=\"wpcf7-form-control wpcf7-text wpcf7-validates-as-required\" aria-required=\"true\" aria-invalid=\"false\" placeholder=\"Nom\" value=\"\" type=\"text\" name=\"your-name\" \/><\/span>\n<\/p>\n<p><span class=\"wpcf7-form-control-wrap\" data-name=\"your-email\"><input size=\"40\" maxlength=\"400\" class=\"wpcf7-form-control wpcf7-email wpcf7-validates-as-required wpcf7-text wpcf7-validates-as-email\" aria-required=\"true\" aria-invalid=\"false\" placeholder=\"Courriel\" value=\"\" type=\"email\" name=\"your-email\" \/><\/span>\n<\/p>\n<p><span class=\"wpcf7-form-control-wrap\" data-name=\"tel-217\"><input size=\"40\" maxlength=\"400\" class=\"wpcf7-form-control wpcf7-tel wpcf7-text wpcf7-validates-as-tel\" aria-invalid=\"false\" placeholder=\"T\u00e9l\u00e9phone\" value=\"\" type=\"tel\" name=\"tel-217\" \/><\/span>\n<\/p>\n<p><span class=\"wpcf7-form-control-wrap\" data-name=\"your-message\"><textarea cols=\"40\" rows=\"10\" maxlength=\"2000\" class=\"wpcf7-form-control wpcf7-textarea\" aria-invalid=\"false\" placeholder=\"Votre question\" name=\"your-message\"><\/textarea><\/span>\n<\/p>\n<p><input class=\"wpcf7-form-control wpcf7-submit has-spinner\" type=\"submit\" value=\"Envoyer\" \/>\n<\/p><div class=\"wpcf7-response-output\" aria-hidden=\"true\"><\/div>\n<\/form>\n<\/div>\n[\/vc_column][vc_column width=\u00a0\u00bb1\/2&Prime;][vc_column_text]<\/p>\n<h4>Sea Garden by the Sea<\/h4>\n<p>4625 North Ocean Drive (A1A)<br \/>\nLauderdale-By-The-Sea<br \/>\nFloride 33308<\/p>\n<p>T\u00e9l. : 954-351-0915<\/p>\n<p>Heures d\u2019ouverture : de 10 h \u00e0 18 h, du lundi au dimanche<\/p>\n<p>Courriel : <a href=\"mailto:info@seagardenbythesea.com\">info@seagardenbythesea.com<\/a>[\/vc_column_text][vc_column_text]<iframe loading=\"lazy\" style=\"border: 0;\" src=\"https:\/\/www.google.com\/maps\/embed?pb=!1m18!1m12!1m3!1d3580.026322777626!2d-80.09853848467345!3d26.195821983441565!2m3!1f0!2f0!3f0!3m2!1i1024!2i768!4f13.1!3m3!1m2!1s0x88d8fd8acf85b3f9%3A0xf6f3d979c3e52fb2!2sA+Sea+Garden+Resort!5e0!3m2!1sen!2sca!4v1497649659635\" width=\"400\" height=\"300\" frameborder=\"0\" allowfullscreen=\"allowfullscreen\"><\/iframe>[\/vc_column_text][\/vc_column][\/vc_row][vc_row margin_top=\u00a0\u00bb50px\u00a0\u00bb][vc_column width=\u00a0\u00bb1\/2&Prime;]<div id=\"ultimate-heading-351269df08217118c\" class=\"uvc-heading ult-adjust-bottom-margin ultimate-heading-351269df08217118c uvc-3225  uvc-heading-default-font-sizes\" data-hspacer=\"no_spacer\"  data-halign=\"left\" style=\"text-align:left\"><div class=\"uvc-heading-spacer no_spacer\" style=\"top\"><\/div><div class=\"uvc-main-heading ult-responsive\"  data-ultimate-target='.uvc-heading.ultimate-heading-351269df08217118c h4'  data-responsive-json-new='{\"font-size\":\"\",\"line-height\":\"\"}' ><h4 style=\"--font-weight:theme;margin-bottom:20px;\">\u00c0 partir de l\u2019a\u00e9roport Miami International Airport<\/h4><\/div><\/div>[vc_gmaps link=\u00a0\u00bb#E-8_JTNDaWZyYW1lJTIwc3JjJTNEJTIyaHR0cHMlM0ElMkYlMkZ3d3cuZ29vZ2xlLmNvbSUyRm1hcHMlMkZlbWJlZCUzRnBiJTNEJTIxMW0yOCUyMTFtMTIlMjExbTMlMjExZDIyOTUwOC41MDc2ODAwMjcwMiUyMTJkLTgwLjMzMTYzNzMzMDEzMzE4JTIxM2QyNS45OTg1MTAwNzk3MzExODMlMjEybTMlMjExZjAlMjEyZjAlMjEzZjAlMjEzbTIlMjExaTEwMjQlMjEyaTc2OCUyMTRmMTMuMSUyMTRtMTMlMjEzZTYlMjE0bTUlMjExczB4ODhkOWI3NGQ0ZWI5NGFjMSUyNTNBMHg5ODlmZGFlMGNiYTJmOGUxJTIxMnNNaWFtaSUyQkludGVybmF0aW9uYWwlMkJBaXJwb3J0JTI1MkMlMkIyMTAwJTJCTlclMkI0Mm5kJTJCQXZlJTI1MkMlMkJNaWFtaSUyNTJDJTJCRkwlMkIzMzEyNiUyNTJDJTJCVVNBJTIxM20yJTIxMWQyNS43OTU4NjUlMjEyZC04MC4yODcwNDU3JTIxNG01JTIxMXMweDg4ZDhmZDhhY2Y4NWIzZjklMjUzQTB4ZjZmM2Q5NzljM2U1MmZiMiUyMTJzQSUyQlNlYSUyQkdhcmRlbiUyQlJlc29ydCUyNTJDJTJCNDYyNSUyQk4lMkJPY2VhbiUyQkRyJTI1MkMlMkJMYXVkZXJkYWxlLUJ5LVRoZS1TZWElMjUyQyUyQkZMJTJCMzMzMDglMjUyQyUyQlVTQSUyMTNtMiUyMTFkMjYuMTk1ODIyJTIxMmQtODAuMDk2MzQ5OCUyMTVlMCUyMTNtMiUyMTFzZW4lMjEyc2NhJTIxNHYxNDk3NjQ2MTM1ODc2JTIyJTIwd2lkdGglM0QlMjI2MDAlMjIlMjBoZWlnaHQlM0QlMjI0NTAlMjIlMjBmcmFtZWJvcmRlciUzRCUyMjAlMjIlMjBzdHlsZSUzRCUyMmJvcmRlciUzQTAlMjIlMjBhbGxvd2Z1bGxzY3JlZW4lM0UlM0MlMkZpZnJhbWUlM0U=\u00a0\u00bb][\/vc_column][vc_column width=\u00a0\u00bb1\/2&Prime;]<div id=\"ultimate-heading-740969df0821711f0\" class=\"uvc-heading ult-adjust-bottom-margin ultimate-heading-740969df0821711f0 uvc-5180  uvc-heading-default-font-sizes\" data-hspacer=\"no_spacer\"  data-halign=\"left\" style=\"text-align:left\"><div class=\"uvc-heading-spacer no_spacer\" style=\"top\"><\/div><div class=\"uvc-main-heading ult-responsive\"  data-ultimate-target='.uvc-heading.ultimate-heading-740969df0821711f0 h4'  data-responsive-json-new='{\"font-size\":\"\",\"line-height\":\"\"}' ><h4 style=\"--font-weight:theme;margin-bottom:20px;\">\u00c0 partir de l\u2019a\u00e9roport Fort Lauderdale International<\/h4><\/div><\/div>[vc_gmaps link=\u00a0\u00bb#E-8_JTNDaWZyYW1lJTIwc3JjJTNEJTIyaHR0cHMlM0ElMkYlMkZ3d3cuZ29vZ2xlLmNvbSUyRm1hcHMlMkZlbWJlZCUzRnBiJTNEJTIxMW0yOCUyMTFtMTIlMjExbTMlMjExZDExNDYyMy42NTgzNzQ0NDcwNyUyMTJkLTgwLjIwMjg1OTcxODMzODQ3JTIxM2QyNi4xMzE4OTEwNzIzMzg1NTglMjEybTMlMjExZjAlMjEyZjAlMjEzZjAlMjEzbTIlMjExaTEwMjQlMjEyaTc2OCUyMTRmMTMuMSUyMTRtMTMlMjEzZTYlMjE0bTUlMjExczB4ODhkOWFhN2FlNGM4ZmFmNSUyNTNBMHgyYWUwMzM5ZDkwYTZjYmU2JTIxMnNGb3J0JTJCTGF1ZGVyZGFsZS1Ib2xseXdvb2QlMkJJbnRlcm5hdGlvbmFsJTJCQWlycG9ydCUyNTJDJTJCMTAwJTJCVGVybWluYWwlMkJEciUyNTJDJTJCRm9ydCUyQkxhdWRlcmRhbGUlMjUyQyUyQkZMJTJCMzMzMTUlMjUyQyUyQlVTQSUyMTNtMiUyMTFkMjYuMDc0MjM0Mzk5OTk5OTk4JTIxMmQtODAuMTUwNjAyMiUyMTRtNSUyMTFzMHg4OGQ4ZmQ4YWNmODViM2Y5JTI1M0EweGY2ZjNkOTc5YzNlNTJmYjIlMjEyc0ElMkJTZWElMkJHYXJkZW4lMkJSZXNvcnQlMjUyQyUyQjQ2MjUlMkJOJTJCT2NlYW4lMkJEciUyNTJDJTJCTGF1ZGVyZGFsZS1CeS1UaGUtU2VhJTI1MkMlMkJGTCUyQjMzMzA4JTI1MkMlMkJVU0ElMjEzbTIlMjExZDI2LjE5NTgyMiUyMTJkLTgwLjA5NjM0OTglMjE1ZTAlMjEzbTIlMjExc2VuJTIxMnNjYSUyMTR2MTQ5NzY0NjI2MzY1MyUyMiUyMHdpZHRoJTNEJTIyNjAwJTIyJTIwaGVpZ2h0JTNEJTIyNDUwJTIyJTIwZnJhbWVib3JkZXIlM0QlMjIwJTIyJTIwc3R5bGUlM0QlMjJib3JkZXIlM0EwJTIyJTIwYWxsb3dmdWxsc2NyZWVuJTNFJTNDJTJGaWZyYW1lJTNF\u00a0\u00bb][\/vc_column][\/vc_row][vc_row bg_type=\u00a0\u00bbbg_color\u00a0\u00bb bg_override=\u00a0\u00bbfull\u00a0\u00bb bg_color_value=\u00a0\u00bb#0e83dd\u00a0\u00bb css=\u00a0\u00bb.vc_custom_1614349279095{padding-top: 50px !important;padding-bottom: 50px !important;}\u00a0\u00bb][vc_column][vc_column_text]<\/p>\n<div align=\"center\"><img loading=\"lazy\" decoding=\"async\" class=\"alignnone size-full wp-image-423\" src=\"https:\/\/seagardenbythesea.com\/wp-content\/uploads\/2017\/06\/white-coral.png\" alt=\"\" width=\"83\" height=\"67\" \/><\/div>\n<p>[\/vc_column_text][vc_column_text]<\/p>\n<div align=\"center\">\n<h2 style=\"color: #ffffff; text-shadow: 1px 1px black;\">V\u00e9rifiez nos disponibilit\u00e9s et r\u00e9servez vos vacances aujourd\u2019hui!<\/h2>\n<\/div>\n<p>[\/vc_column_text][vc_btn title=\u00a0\u00bbR\u00c9SERVEZ MAINTENANT\u00a0\u00bb style=\u00a0\u00bboutline\u00a0\u00bb color=\u00a0\u00bbwhite\u00a0\u00bb size=\u00a0\u00bblg\u00a0\u00bb align=\u00a0\u00bbcenter\u00a0\u00bb i_icon_fontawesome=\u00a0\u00bbfa fa-solid fa-calendar-days\u00a0\u00bb css=\u00a0\u00bb\u00a0\u00bb add_icon=\u00a0\u00bbtrue\u00a0\u00bb link=\u00a0\u00bburl:https%3A%2F%2Fs005945.officialbookings.com%2F|target:_blank\u00a0\u00bb][\/vc_column][\/vc_row]<\/p>\n<\/div>","protected":false},"excerpt":{"rendered":"<p>[vc_row css=\u00a0\u00bb.vc_custom_1497649761235{margin-bottom: 50px !important;}\u00a0\u00bb][vc_column width=\u00a0\u00bb1\/2&Prime;][vc_column_text] Envoyez-nous vos questions et nous vous r\u00e9pondrons rapidement [\/vc_column_text][\/vc_column][vc_column width=\u00a0\u00bb1\/2&Prime;][vc_column_text] Sea Garden by the Sea 4625 North Ocean Drive (A1A) Lauderdale-By-The-Sea Floride 33308 T\u00e9l. : 954-351-0915 Heures d\u2019ouverture : de 10 h \u00e0 18 h, du lundi au dimanche Courriel : info@seagardenbythesea.com[\/vc_column_text][vc_column_text][\/vc_column_text][\/vc_column][\/vc_row][vc_row margin_top=\u00a0\u00bb50px\u00a0\u00bb][vc_column width=\u00a0\u00bb1\/2&Prime;][vc_gmaps link=\u00a0\u00bb#E-8_JTNDaWZyYW1lJTIwc3JjJTNEJTIyaHR0cHMlM0ElMkYlMkZ3d3cuZ29vZ2xlLmNvbSUyRm1hcHMlMkZlbWJlZCUzRnBiJTNEJTIxMW0yOCUyMTFtMTIlMjExbTMlMjExZDIyOTUwOC41MDc2ODAwMjcwMiUyMTJkLTgwLjMzMTYzNzMzMDEzMzE4JTIxM2QyNS45OTg1MTAwNzk3MzExODMlMjEybTMlMjExZjAlMjEyZjAlMjEzZjAlMjEzbTIlMjExaTEwMjQlMjEyaTc2OCUyMTRmMTMuMSUyMTRtMTMlMjEzZTYlMjE0bTUlMjExczB4ODhkOWI3NGQ0ZWI5NGFjMSUyNTNBMHg5ODlmZGFlMGNiYTJmOGUxJTIxMnNNaWFtaSUyQkludGVybmF0aW9uYWwlMkJBaXJwb3J0JTI1MkMlMkIyMTAwJTJCTlclMkI0Mm5kJTJCQXZlJTI1MkMlMkJNaWFtaSUyNTJDJTJCRkwlMkIzMzEyNiUyNTJDJTJCVVNBJTIxM20yJTIxMWQyNS43OTU4NjUlMjEyZC04MC4yODcwNDU3JTIxNG01JTIxMXMweDg4ZDhmZDhhY2Y4NWIzZjklMjUzQTB4ZjZmM2Q5NzljM2U1MmZiMiUyMTJzQSUyQlNlYSUyQkdhcmRlbiUyQlJlc29ydCUyNTJDJTJCNDYyNSUyQk4lMkJPY2VhbiUyQkRyJTI1MkMlMkJMYXVkZXJkYWxlLUJ5LVRoZS1TZWElMjUyQyUyQkZMJTJCMzMzMDglMjUyQyUyQlVTQSUyMTNtMiUyMTFkMjYuMTk1ODIyJTIxMmQtODAuMDk2MzQ5OCUyMTVlMCUyMTNtMiUyMTFzZW4lMjEyc2NhJTIxNHYxNDk3NjQ2MTM1ODc2JTIyJTIwd2lkdGglM0QlMjI2MDAlMjIlMjBoZWlnaHQlM0QlMjI0NTAlMjIlMjBmcmFtZWJvcmRlciUzRCUyMjAlMjIlMjBzdHlsZSUzRCUyMmJvcmRlciUzQTAlMjIlMjBhbGxvd2Z1bGxzY3JlZW4lM0UlM0MlMkZpZnJhbWUlM0U=\u00a0\u00bb][\/vc_column][vc_column width=\u00a0\u00bb1\/2&Prime;][vc_gmaps link=\u00a0\u00bb#E-8_JTNDaWZyYW1lJTIwc3JjJTNEJTIyaHR0cHMlM0ElMkYlMkZ3d3cuZ29vZ2xlLmNvbSUyRm1hcHMlMkZlbWJlZCUzRnBiJTNEJTIxMW0yOCUyMTFtMTIlMjExbTMlMjExZDExNDYyMy42NTgzNzQ0NDcwNyUyMTJkLTgwLjIwMjg1OTcxODMzODQ3JTIxM2QyNi4xMzE4OTEwNzIzMzg1NTglMjEybTMlMjExZjAlMjEyZjAlMjEzZjAlMjEzbTIlMjExaTEwMjQlMjEyaTc2OCUyMTRmMTMuMSUyMTRtMTMlMjEzZTYlMjE0bTUlMjExczB4ODhkOWFhN2FlNGM4ZmFmNSUyNTNBMHgyYWUwMzM5ZDkwYTZjYmU2JTIxMnNGb3J0JTJCTGF1ZGVyZGFsZS1Ib2xseXdvb2QlMkJJbnRlcm5hdGlvbmFsJTJCQWlycG9ydCUyNTJDJTJCMTAwJTJCVGVybWluYWwlMkJEciUyNTJDJTJCRm9ydCUyQkxhdWRlcmRhbGUlMjUyQyUyQkZMJTJCMzMzMTUlMjUyQyUyQlVTQSUyMTNtMiUyMTFkMjYuMDc0MjM0Mzk5OTk5OTk4JTIxMmQtODAuMTUwNjAyMiUyMTRtNSUyMTFzMHg4OGQ4ZmQ4YWNmODViM2Y5JTI1M0EweGY2ZjNkOTc5YzNlNTJmYjIlMjEyc0ElMkJTZWElMkJHYXJkZW4lMkJSZXNvcnQlMjUyQyUyQjQ2MjUlMkJOJTJCT2NlYW4lMkJEciUyNTJDJTJCTGF1ZGVyZGFsZS1CeS1UaGUtU2VhJTI1MkMlMkJGTCUyQjMzMzA4JTI1MkMlMkJVU0ElMjEzbTIlMjExZDI2LjE5NTgyMiUyMTJkLTgwLjA5NjM0OTglMjE1ZTAlMjEzbTIlMjExc2VuJTIxMnNjYSUyMTR2MTQ5NzY0NjI2MzY1MyUyMiUyMHdpZHRoJTNEJTIyNjAwJTIyJTIwaGVpZ2h0JTNEJTIyNDUwJTIyJTIwZnJhbWVib3JkZXIlM0QlMjIwJTIyJTIwc3R5bGUlM0QlMjJib3JkZXIlM0EwJTIyJTIwYWxsb3dmdWxsc2NyZWVuJTNFJTNDJTJGaWZyYW1lJTNF\u00a0\u00bb][\/vc_column][\/vc_row][vc_row bg_type=\u00a0\u00bbbg_color\u00a0\u00bb bg_override=\u00a0\u00bbfull\u00a0\u00bb bg_color_value=\u00a0\u00bb#0e83dd\u00a0\u00bb&hellip;<\/p>\n","protected":false},"author":4,"featured_media":569,"parent":0,"menu_order":0,"comment_status":"closed","ping_status":"closed","template":"","meta":{"footnotes":""},"class_list":["post-702","page","type-page","status-publish","has-post-thumbnail","hentry","description-off"],"yoast_head":"<!-- This site is optimized with the Yoast SEO plugin v27.2 - https:\/\/yoast.com\/product\/yoast-seo-wordpress\/ -->\n<title>Communiquez avec nous - Sea Garden by the Sea - Lauderdale By The Sea<\/title>\n<meta name=\"description\" content=\"Coordonn\u00e9es\u00a0: 4625\u00a0North Ocean Drive (A1A), Lauderdale-By-The-Sea, Floride\u00a033308, 954-351-0915, info@seagardenbythesea.com. Heures d\u2019ouverture\u00a0: de 8\u00a0h \u00e0 21\u00a0h, du lundi au dimanche\" \/>\n<meta name=\"robots\" content=\"index, follow, max-snippet:-1, max-image-preview:large, max-video-preview:-1\" \/>\n<link rel=\"canonical\" href=\"https:\/\/seagardenbythesea.com\/fr\/communiquez-avec-nous\/\" \/>\n<meta property=\"og:locale\" content=\"fr_FR\" \/>\n<meta property=\"og:type\" content=\"article\" \/>\n<meta property=\"og:title\" content=\"Communiquez avec nous - Sea Garden by the Sea - Lauderdale By The Sea\" \/>\n<meta property=\"og:description\" content=\"Coordonn\u00e9es\u00a0: 4625\u00a0North Ocean Drive (A1A), Lauderdale-By-The-Sea, Floride\u00a033308, 954-351-0915, info@seagardenbythesea.com. Heures d\u2019ouverture\u00a0: de 8\u00a0h \u00e0 21\u00a0h, du lundi au dimanche\" \/>\n<meta property=\"og:url\" content=\"https:\/\/seagardenbythesea.com\/fr\/communiquez-avec-nous\/\" \/>\n<meta property=\"og:site_name\" content=\"Sea Garden by the Sea - Lauderdale By The Sea\" \/>\n<meta property=\"article:modified_time\" content=\"2025-09-25T16:01:51+00:00\" \/>\n<meta property=\"og:image\" content=\"https:\/\/seagardenbythesea.com\/wp-content\/uploads\/2017\/06\/sea-garden-by-the-sea-ft-lauderdale-1.jpg\" \/>\n\t<meta property=\"og:image:width\" content=\"1200\" \/>\n\t<meta property=\"og:image:height\" content=\"627\" \/>\n\t<meta property=\"og:image:type\" content=\"image\/jpeg\" \/>\n<meta name=\"twitter:card\" content=\"summary_large_image\" \/>\n<meta name=\"twitter:label1\" content=\"Dur\u00e9e de lecture estim\u00e9e\" \/>\n\t<meta name=\"twitter:data1\" content=\"1 minute\" \/>\n<script type=\"application\/ld+json\" class=\"yoast-schema-graph\">{\"@context\":\"https:\/\/schema.org\",\"@graph\":[{\"@type\":\"WebPage\",\"@id\":\"https:\/\/seagardenbythesea.com\/fr\/communiquez-avec-nous\/\",\"url\":\"https:\/\/seagardenbythesea.com\/fr\/communiquez-avec-nous\/\",\"name\":\"Communiquez avec nous - Sea Garden by the Sea - Lauderdale By The Sea\",\"isPartOf\":{\"@id\":\"https:\/\/seagardenbythesea.com\/fr\/#website\"},\"primaryImageOfPage\":{\"@id\":\"https:\/\/seagardenbythesea.com\/fr\/communiquez-avec-nous\/#primaryimage\"},\"image\":{\"@id\":\"https:\/\/seagardenbythesea.com\/fr\/communiquez-avec-nous\/#primaryimage\"},\"thumbnailUrl\":\"https:\/\/seagardenbythesea.com\/wp-content\/uploads\/2017\/06\/sea-garden-by-the-sea-ft-lauderdale-1.jpg\",\"datePublished\":\"2021-02-24T23:24:10+00:00\",\"dateModified\":\"2025-09-25T16:01:51+00:00\",\"description\":\"Coordonn\u00e9es\u00a0: 4625\u00a0North Ocean Drive (A1A), Lauderdale-By-The-Sea, Floride\u00a033308, 954-351-0915, info@seagardenbythesea.com. Heures d\u2019ouverture\u00a0: de 8\u00a0h \u00e0 21\u00a0h, du lundi au dimanche\",\"breadcrumb\":{\"@id\":\"https:\/\/seagardenbythesea.com\/fr\/communiquez-avec-nous\/#breadcrumb\"},\"inLanguage\":\"fr-FR\",\"potentialAction\":[{\"@type\":\"ReadAction\",\"target\":[\"https:\/\/seagardenbythesea.com\/fr\/communiquez-avec-nous\/\"]}]},{\"@type\":\"ImageObject\",\"inLanguage\":\"fr-FR\",\"@id\":\"https:\/\/seagardenbythesea.com\/fr\/communiquez-avec-nous\/#primaryimage\",\"url\":\"https:\/\/seagardenbythesea.com\/wp-content\/uploads\/2017\/06\/sea-garden-by-the-sea-ft-lauderdale-1.jpg\",\"contentUrl\":\"https:\/\/seagardenbythesea.com\/wp-content\/uploads\/2017\/06\/sea-garden-by-the-sea-ft-lauderdale-1.jpg\",\"width\":1200,\"height\":627,\"caption\":\"Sea Garden by the Sea\"},{\"@type\":\"BreadcrumbList\",\"@id\":\"https:\/\/seagardenbythesea.com\/fr\/communiquez-avec-nous\/#breadcrumb\",\"itemListElement\":[{\"@type\":\"ListItem\",\"position\":1,\"name\":\"Home\",\"item\":\"https:\/\/seagardenbythesea.com\/fr\/\"},{\"@type\":\"ListItem\",\"position\":2,\"name\":\"Communiquez avec nous\"}]},{\"@type\":\"WebSite\",\"@id\":\"https:\/\/seagardenbythesea.com\/fr\/#website\",\"url\":\"https:\/\/seagardenbythesea.com\/fr\/\",\"name\":\"Sea Garden by the Sea - Lauderdale By The Sea\",\"description\":\"\",\"publisher\":{\"@id\":\"https:\/\/seagardenbythesea.com\/fr\/#organization\"},\"potentialAction\":[{\"@type\":\"SearchAction\",\"target\":{\"@type\":\"EntryPoint\",\"urlTemplate\":\"https:\/\/seagardenbythesea.com\/fr\/?s={search_term_string}\"},\"query-input\":{\"@type\":\"PropertyValueSpecification\",\"valueRequired\":true,\"valueName\":\"search_term_string\"}}],\"inLanguage\":\"fr-FR\"},{\"@type\":\"Organization\",\"@id\":\"https:\/\/seagardenbythesea.com\/fr\/#organization\",\"name\":\"Sea Garden by the Sea\",\"url\":\"https:\/\/seagardenbythesea.com\/fr\/\",\"logo\":{\"@type\":\"ImageObject\",\"inLanguage\":\"fr-FR\",\"@id\":\"https:\/\/seagardenbythesea.com\/fr\/#\/schema\/logo\/image\/\",\"url\":\"https:\/\/seagardenbythesea.com\/wp-content\/uploads\/2017\/07\/sea-garden-by-the-sea-logo.jpg\",\"contentUrl\":\"https:\/\/seagardenbythesea.com\/wp-content\/uploads\/2017\/07\/sea-garden-by-the-sea-logo.jpg\",\"width\":417,\"height\":67,\"caption\":\"Sea Garden by the Sea\"},\"image\":{\"@id\":\"https:\/\/seagardenbythesea.com\/fr\/#\/schema\/logo\/image\/\"}}]}<\/script>\n<!-- \/ Yoast SEO plugin. -->","yoast_head_json":{"title":"Communiquez avec nous - Sea Garden by the Sea - Lauderdale By The Sea","description":"Coordonn\u00e9es\u00a0: 4625\u00a0North Ocean Drive (A1A), Lauderdale-By-The-Sea, Floride\u00a033308, 954-351-0915, info@seagardenbythesea.com. Heures d\u2019ouverture\u00a0: de 8\u00a0h \u00e0 21\u00a0h, du lundi au dimanche","robots":{"index":"index","follow":"follow","max-snippet":"max-snippet:-1","max-image-preview":"max-image-preview:large","max-video-preview":"max-video-preview:-1"},"canonical":"https:\/\/seagardenbythesea.com\/fr\/communiquez-avec-nous\/","og_locale":"fr_FR","og_type":"article","og_title":"Communiquez avec nous - Sea Garden by the Sea - Lauderdale By The Sea","og_description":"Coordonn\u00e9es\u00a0: 4625\u00a0North Ocean Drive (A1A), Lauderdale-By-The-Sea, Floride\u00a033308, 954-351-0915, info@seagardenbythesea.com. Heures d\u2019ouverture\u00a0: de 8\u00a0h \u00e0 21\u00a0h, du lundi au dimanche","og_url":"https:\/\/seagardenbythesea.com\/fr\/communiquez-avec-nous\/","og_site_name":"Sea Garden by the Sea - Lauderdale By The Sea","article_modified_time":"2025-09-25T16:01:51+00:00","og_image":[{"width":1200,"height":627,"url":"https:\/\/seagardenbythesea.com\/wp-content\/uploads\/2017\/06\/sea-garden-by-the-sea-ft-lauderdale-1.jpg","type":"image\/jpeg"}],"twitter_card":"summary_large_image","twitter_misc":{"Dur\u00e9e de lecture estim\u00e9e":"1 minute"},"schema":{"@context":"https:\/\/schema.org","@graph":[{"@type":"WebPage","@id":"https:\/\/seagardenbythesea.com\/fr\/communiquez-avec-nous\/","url":"https:\/\/seagardenbythesea.com\/fr\/communiquez-avec-nous\/","name":"Communiquez avec nous - Sea Garden by the Sea - Lauderdale By The Sea","isPartOf":{"@id":"https:\/\/seagardenbythesea.com\/fr\/#website"},"primaryImageOfPage":{"@id":"https:\/\/seagardenbythesea.com\/fr\/communiquez-avec-nous\/#primaryimage"},"image":{"@id":"https:\/\/seagardenbythesea.com\/fr\/communiquez-avec-nous\/#primaryimage"},"thumbnailUrl":"https:\/\/seagardenbythesea.com\/wp-content\/uploads\/2017\/06\/sea-garden-by-the-sea-ft-lauderdale-1.jpg","datePublished":"2021-02-24T23:24:10+00:00","dateModified":"2025-09-25T16:01:51+00:00","description":"Coordonn\u00e9es\u00a0: 4625\u00a0North Ocean Drive (A1A), Lauderdale-By-The-Sea, Floride\u00a033308, 954-351-0915, info@seagardenbythesea.com. Heures d\u2019ouverture\u00a0: de 8\u00a0h \u00e0 21\u00a0h, du lundi au dimanche","breadcrumb":{"@id":"https:\/\/seagardenbythesea.com\/fr\/communiquez-avec-nous\/#breadcrumb"},"inLanguage":"fr-FR","potentialAction":[{"@type":"ReadAction","target":["https:\/\/seagardenbythesea.com\/fr\/communiquez-avec-nous\/"]}]},{"@type":"ImageObject","inLanguage":"fr-FR","@id":"https:\/\/seagardenbythesea.com\/fr\/communiquez-avec-nous\/#primaryimage","url":"https:\/\/seagardenbythesea.com\/wp-content\/uploads\/2017\/06\/sea-garden-by-the-sea-ft-lauderdale-1.jpg","contentUrl":"https:\/\/seagardenbythesea.com\/wp-content\/uploads\/2017\/06\/sea-garden-by-the-sea-ft-lauderdale-1.jpg","width":1200,"height":627,"caption":"Sea Garden by the Sea"},{"@type":"BreadcrumbList","@id":"https:\/\/seagardenbythesea.com\/fr\/communiquez-avec-nous\/#breadcrumb","itemListElement":[{"@type":"ListItem","position":1,"name":"Home","item":"https:\/\/seagardenbythesea.com\/fr\/"},{"@type":"ListItem","position":2,"name":"Communiquez avec nous"}]},{"@type":"WebSite","@id":"https:\/\/seagardenbythesea.com\/fr\/#website","url":"https:\/\/seagardenbythesea.com\/fr\/","name":"Sea Garden by the Sea - Lauderdale By The Sea","description":"","publisher":{"@id":"https:\/\/seagardenbythesea.com\/fr\/#organization"},"potentialAction":[{"@type":"SearchAction","target":{"@type":"EntryPoint","urlTemplate":"https:\/\/seagardenbythesea.com\/fr\/?s={search_term_string}"},"query-input":{"@type":"PropertyValueSpecification","valueRequired":true,"valueName":"search_term_string"}}],"inLanguage":"fr-FR"},{"@type":"Organization","@id":"https:\/\/seagardenbythesea.com\/fr\/#organization","name":"Sea Garden by the Sea","url":"https:\/\/seagardenbythesea.com\/fr\/","logo":{"@type":"ImageObject","inLanguage":"fr-FR","@id":"https:\/\/seagardenbythesea.com\/fr\/#\/schema\/logo\/image\/","url":"https:\/\/seagardenbythesea.com\/wp-content\/uploads\/2017\/07\/sea-garden-by-the-sea-logo.jpg","contentUrl":"https:\/\/seagardenbythesea.com\/wp-content\/uploads\/2017\/07\/sea-garden-by-the-sea-logo.jpg","width":417,"height":67,"caption":"Sea Garden by the Sea"},"image":{"@id":"https:\/\/seagardenbythesea.com\/fr\/#\/schema\/logo\/image\/"}}]}},"_links":{"self":[{"href":"https:\/\/seagardenbythesea.com\/fr\/wp-json\/wp\/v2\/pages\/702","targetHints":{"allow":["GET"]}}],"collection":[{"href":"https:\/\/seagardenbythesea.com\/fr\/wp-json\/wp\/v2\/pages"}],"about":[{"href":"https:\/\/seagardenbythesea.com\/fr\/wp-json\/wp\/v2\/types\/page"}],"author":[{"embeddable":true,"href":"https:\/\/seagardenbythesea.com\/fr\/wp-json\/wp\/v2\/users\/4"}],"replies":[{"embeddable":true,"href":"https:\/\/seagardenbythesea.com\/fr\/wp-json\/wp\/v2\/comments?post=702"}],"version-history":[{"count":8,"href":"https:\/\/seagardenbythesea.com\/fr\/wp-json\/wp\/v2\/pages\/702\/revisions"}],"predecessor-version":[{"id":1228,"href":"https:\/\/seagardenbythesea.com\/fr\/wp-json\/wp\/v2\/pages\/702\/revisions\/1228"}],"wp:featuredmedia":[{"embeddable":true,"href":"https:\/\/seagardenbythesea.com\/fr\/wp-json\/wp\/v2\/media\/569"}],"wp:attachment":[{"href":"https:\/\/seagardenbythesea.com\/fr\/wp-json\/wp\/v2\/media?parent=702"}],"curies":[{"name":"wp","href":"https:\/\/api.w.org\/{rel}","templated":true}]}}